{"id":13661,"date":"2022-11-21T10:45:32","date_gmt":"2022-11-21T09:45:32","guid":{"rendered":"https:\/\/hotelmoskva.me\/header\/"},"modified":"2025-07-01T16:57:25","modified_gmt":"2025-07-01T15:57:25","slug":"header","status":"publish","type":"page","link":"https:\/\/hotelmoskva.me\/en\/header\/","title":{"rendered":"Header EN"},"content":{"rendered":"\t\t<div data-elementor-type=\"wp-page\" data-elementor-id=\"13661\" class=\"elementor elementor-13661 elementor-10814\">\n\t\t\t\t\t\t<section class=\"elementor-section elementor-top-section elementor-element elementor-element-358214a elementor-section-stretched elementor-hidden-tablet elementor-hidden-mobile elementor-section-content-middle elementor-section-boxed elementor-section-height-default elementor-section-height-default elementor-invisible\" data-id=\"358214a\" data-element_type=\"section\" data-e-type=\"section\" data-settings=\"{&quot;stretch_section&quot;:&quot;section-stretched&quot;,&quot;animation&quot;:&quot;fadeIn&quot;,&quot;background_background&quot;:&quot;classic&quot;}\">\n\t\t\t\t\t\t\t<div class=\"elementor-background-overlay\"><\/div>\n\t\t\t\t\t\t\t<div class=\"elementor-container elementor-column-gap-default\">\n\t\t\t\t\t<div class=\"elementor-column elementor-col-50 elementor-top-column elementor-element elementor-element-f8c98e3\" data-id=\"f8c98e3\" data-element_type=\"column\" data-e-type=\"column\">\n\t\t\t<div class=\"elementor-widget-wrap elementor-element-populated\">\n\t\t\t\t\t\t<div class=\"elementor-element elementor-element-6f99721 elementor-icon-list--layout-inline elementor-tablet-align-center elementor-widget__width-auto elementor-list-item-link-full_width elementor-widget elementor-widget-icon-list\" data-id=\"6f99721\" data-element_type=\"widget\" data-e-type=\"widget\" data-widget_type=\"icon-list.default\">\n\t\t\t\t<div class=\"elementor-widget-container\">\n\t\t\t\t\t\t\t<ul class=\"elementor-icon-list-items elementor-inline-items\">\n\t\t\t\t\t\t\t<li class=\"elementor-icon-list-item elementor-inline-item\">\n\t\t\t\t\t\t\t\t\t\t\t<span class=\"elementor-icon-list-icon\">\n\t\t\t\t\t\t\t<svg aria-hidden=\"true\" class=\"e-font-icon-svg e-fas-share-alt\" viewBox=\"0 0 448 512\" xmlns=\"http:\/\/www.w3.org\/2000\/svg\"><path d=\"M352 320c-22.608 0-43.387 7.819-59.79 20.895l-102.486-64.054a96.551 96.551 0 0 0 0-41.683l102.486-64.054C308.613 184.181 329.392 192 352 192c53.019 0 96-42.981 96-96S405.019 0 352 0s-96 42.981-96 96c0 7.158.79 14.13 2.276 20.841L155.79 180.895C139.387 167.819 118.608 160 96 160c-53.019 0-96 42.981-96 96s42.981 96 96 96c22.608 0 43.387-7.819 59.79-20.895l102.486 64.054A96.301 96.301 0 0 0 256 416c0 53.019 42.981 96 96 96s96-42.981 96-96-42.981-96-96-96z\"><\/path><\/svg>\t\t\t\t\t\t<\/span>\n\t\t\t\t\t\t\t\t\t\t<span class=\"elementor-icon-list-text\">Dru\u0161tvene mre\u017ee<\/span>\n\t\t\t\t\t\t\t\t\t<\/li>\n\t\t\t\t\t\t<\/ul>\n\t\t\t\t\t\t<\/div>\n\t\t\t\t<\/div>\n\t\t\t\t<div class=\"elementor-element elementor-element-c3e7381 elementor-icon-list--layout-inline elementor-tablet-align-center elementor-widget__width-auto elementor-list-item-link-full_width elementor-widget elementor-widget-icon-list\" data-id=\"c3e7381\" data-element_type=\"widget\" data-e-type=\"widget\" data-widget_type=\"icon-list.default\">\n\t\t\t\t<div class=\"elementor-widget-container\">\n\t\t\t\t\t\t\t<ul class=\"elementor-icon-list-items elementor-inline-items\">\n\t\t\t\t\t\t\t<li class=\"elementor-icon-list-item elementor-inline-item\">\n\t\t\t\t\t\t\t\t\t\t\t<a href=\"https:\/\/www.facebook.com\/p\/HOTEL-Moskva-100063536350529\/\" target=\"_blank\">\n\n\t\t\t\t\t\t\t\t\t\t\t\t<span class=\"elementor-icon-list-icon\">\n\t\t\t\t\t\t\t<svg aria-hidden=\"true\" class=\"e-font-icon-svg e-fab-facebook-f\" viewBox=\"0 0 320 512\" xmlns=\"http:\/\/www.w3.org\/2000\/svg\"><path d=\"M279.14 288l14.22-92.66h-88.91v-60.13c0-25.35 12.42-50.06 52.24-50.06h40.42V6.26S260.43 0 225.36 0c-73.22 0-121.08 44.38-121.08 124.72v70.62H22.89V288h81.39v224h100.17V288z\"><\/path><\/svg>\t\t\t\t\t\t<\/span>\n\t\t\t\t\t\t\t\t\t\t<span class=\"elementor-icon-list-text\"><\/span>\n\t\t\t\t\t\t\t\t\t\t\t<\/a>\n\t\t\t\t\t\t\t\t\t<\/li>\n\t\t\t\t\t\t\t\t<li class=\"elementor-icon-list-item elementor-inline-item\">\n\t\t\t\t\t\t\t\t\t\t\t<a href=\"https:\/\/www.instagram.com\/hotelmoskvamne\/\" target=\"_blank\">\n\n\t\t\t\t\t\t\t\t\t\t\t\t<span class=\"elementor-icon-list-icon\">\n\t\t\t\t\t\t\t<svg aria-hidden=\"true\" class=\"e-font-icon-svg e-fab-instagram\" viewBox=\"0 0 448 512\" xmlns=\"http:\/\/www.w3.org\/2000\/svg\"><path d=\"M224.1 141c-63.6 0-114.9 51.3-114.9 114.9s51.3 114.9 114.9 114.9S339 319.5 339 255.9 287.7 141 224.1 141zm0 189.6c-41.1 0-74.7-33.5-74.7-74.7s33.5-74.7 74.7-74.7 74.7 33.5 74.7 74.7-33.6 74.7-74.7 74.7zm146.4-194.3c0 14.9-12 26.8-26.8 26.8-14.9 0-26.8-12-26.8-26.8s12-26.8 26.8-26.8 26.8 12 26.8 26.8zm76.1 27.2c-1.7-35.9-9.9-67.7-36.2-93.9-26.2-26.2-58-34.4-93.9-36.2-37-2.1-147.9-2.1-184.9 0-35.8 1.7-67.6 9.9-93.9 36.1s-34.4 58-36.2 93.9c-2.1 37-2.1 147.9 0 184.9 1.7 35.9 9.9 67.7 36.2 93.9s58 34.4 93.9 36.2c37 2.1 147.9 2.1 184.9 0 35.9-1.7 67.7-9.9 93.9-36.2 26.2-26.2 34.4-58 36.2-93.9 2.1-37 2.1-147.8 0-184.8zM398.8 388c-7.8 19.6-22.9 34.7-42.6 42.6-29.5 11.7-99.5 9-132.1 9s-102.7 2.6-132.1-9c-19.6-7.8-34.7-22.9-42.6-42.6-11.7-29.5-9-99.5-9-132.1s-2.6-102.7 9-132.1c7.8-19.6 22.9-34.7 42.6-42.6 29.5-11.7 99.5-9 132.1-9s102.7-2.6 132.1 9c19.6 7.8 34.7 22.9 42.6 42.6 11.7 29.5 9 99.5 9 132.1s2.7 102.7-9 132.1z\"><\/path><\/svg>\t\t\t\t\t\t<\/span>\n\t\t\t\t\t\t\t\t\t\t<span class=\"elementor-icon-list-text\"><\/span>\n\t\t\t\t\t\t\t\t\t\t\t<\/a>\n\t\t\t\t\t\t\t\t\t<\/li>\n\t\t\t\t\t\t\t\t<li class=\"elementor-icon-list-item elementor-inline-item\">\n\t\t\t\t\t\t\t\t\t\t\t<a href=\"https:\/\/www.youtube.com\/@hotelmoskva-s5m\" target=\"_blank\">\n\n\t\t\t\t\t\t\t\t\t\t\t\t<span class=\"elementor-icon-list-icon\">\n\t\t\t\t\t\t\t<svg aria-hidden=\"true\" class=\"e-font-icon-svg e-fab-youtube\" viewBox=\"0 0 576 512\" xmlns=\"http:\/\/www.w3.org\/2000\/svg\"><path d=\"M549.655 124.083c-6.281-23.65-24.787-42.276-48.284-48.597C458.781 64 288 64 288 64S117.22 64 74.629 75.486c-23.497 6.322-42.003 24.947-48.284 48.597-11.412 42.867-11.412 132.305-11.412 132.305s0 89.438 11.412 132.305c6.281 23.65 24.787 41.5 48.284 47.821C117.22 448 288 448 288 448s170.78 0 213.371-11.486c23.497-6.321 42.003-24.171 48.284-47.821 11.412-42.867 11.412-132.305 11.412-132.305s0-89.438-11.412-132.305zm-317.51 213.508V175.185l142.739 81.205-142.739 81.201z\"><\/path><\/svg>\t\t\t\t\t\t<\/span>\n\t\t\t\t\t\t\t\t\t\t<span class=\"elementor-icon-list-text\"><\/span>\n\t\t\t\t\t\t\t\t\t\t\t<\/a>\n\t\t\t\t\t\t\t\t\t<\/li>\n\t\t\t\t\t\t<\/ul>\n\t\t\t\t\t\t<\/div>\n\t\t\t\t<\/div>\n\t\t\t\t\t<\/div>\n\t\t<\/div>\n\t\t\t\t<div class=\"elementor-column elementor-col-50 elementor-top-column elementor-element elementor-element-c23b88d\" data-id=\"c23b88d\" data-element_type=\"column\" data-e-type=\"column\">\n\t\t\t<div class=\"elementor-widget-wrap elementor-element-populated\">\n\t\t\t\t\t\t<div class=\"elementor-element elementor-element-2efcee7 elementor-icon-list--layout-inline elementor-tablet-align-center elementor-align-end elementor-list-item-link-full_width elementor-widget elementor-widget-icon-list\" data-id=\"2efcee7\" data-element_type=\"widget\" data-e-type=\"widget\" data-widget_type=\"icon-list.default\">\n\t\t\t\t<div class=\"elementor-widget-container\">\n\t\t\t\t\t\t\t<ul class=\"elementor-icon-list-items elementor-inline-items\">\n\t\t\t\t\t\t\t<li class=\"elementor-icon-list-item elementor-inline-item\">\n\t\t\t\t\t\t\t\t\t\t\t<a href=\"https:\/\/hotelmoskva.me\/smjestaj\/\">\n\n\t\t\t\t\t\t\t\t\t\t\t\t<span class=\"elementor-icon-list-icon\">\n\t\t\t\t\t\t\t<svg aria-hidden=\"true\" class=\"e-font-icon-svg e-far-star\" viewBox=\"0 0 576 512\" xmlns=\"http:\/\/www.w3.org\/2000\/svg\"><path d=\"M528.1 171.5L382 150.2 316.7 17.8c-11.7-23.6-45.6-23.9-57.4 0L194 150.2 47.9 171.5c-26.2 3.8-36.7 36.1-17.7 54.6l105.7 103-25 145.5c-4.5 26.3 23.2 46 46.4 33.7L288 439.6l130.7 68.7c23.2 12.2 50.9-7.4 46.4-33.7l-25-145.5 105.7-103c19-18.5 8.5-50.8-17.7-54.6zM388.6 312.3l23.7 138.4L288 385.4l-124.3 65.3 23.7-138.4-100.6-98 139-20.2 62.2-126 62.2 126 139 20.2-100.6 98z\"><\/path><\/svg>\t\t\t\t\t\t<\/span>\n\t\t\t\t\t\t\t\t\t\t<span class=\"elementor-icon-list-text\">SMJE\u0160TAJ<\/span>\n\t\t\t\t\t\t\t\t\t\t\t<\/a>\n\t\t\t\t\t\t\t\t\t<\/li>\n\t\t\t\t\t\t\t\t<li class=\"elementor-icon-list-item elementor-inline-item\">\n\t\t\t\t\t\t\t\t\t\t\t<a href=\"https:\/\/hotelmoskva.me\/kontakt\/\">\n\n\t\t\t\t\t\t\t\t\t\t\t\t<span class=\"elementor-icon-list-icon\">\n\t\t\t\t\t\t\t<svg aria-hidden=\"true\" class=\"e-font-icon-svg e-fas-map-marker-alt\" viewBox=\"0 0 384 512\" xmlns=\"http:\/\/www.w3.org\/2000\/svg\"><path d=\"M172.268 501.67C26.97 291.031 0 269.413 0 192 0 85.961 85.961 0 192 0s192 85.961 192 192c0 77.413-26.97 99.031-172.268 309.67-9.535 13.774-29.93 13.773-39.464 0zM192 272c44.183 0 80-35.817 80-80s-35.817-80-80-80-80 35.817-80 80 35.817 80 80 80z\"><\/path><\/svg>\t\t\t\t\t\t<\/span>\n\t\t\t\t\t\t\t\t\t\t<span class=\"elementor-icon-list-text\">KONTAKT<\/span>\n\t\t\t\t\t\t\t\t\t\t\t<\/a>\n\t\t\t\t\t\t\t\t\t<\/li>\n\t\t\t\t\t\t<\/ul>\n\t\t\t\t\t\t<\/div>\n\t\t\t\t<\/div>\n\t\t\t\t\t<\/div>\n\t\t<\/div>\n\t\t\t\t\t<\/div>\n\t\t<\/section>\n\t\t\t\t<section class=\"elementor-section elementor-top-section elementor-element elementor-element-4b80259c elementor-section-content-middle elementor-section-stretched elementor-section-boxed elementor-section-height-default elementor-section-height-default elementor-invisible\" data-id=\"4b80259c\" data-element_type=\"section\" data-e-type=\"section\" data-settings=\"{&quot;stretch_section&quot;:&quot;section-stretched&quot;,&quot;animation&quot;:&quot;fadeIn&quot;}\">\n\t\t\t\t\t\t<div class=\"elementor-container elementor-column-gap-default\">\n\t\t\t\t\t<div class=\"elementor-column elementor-col-100 elementor-top-column elementor-element elementor-element-a97c195\" data-id=\"a97c195\" data-element_type=\"column\" data-e-type=\"column\">\n\t\t\t<div class=\"elementor-widget-wrap elementor-element-populated\">\n\t\t\t\t\t\t<div class=\"elementor-element elementor-element-31f133a elementor-widget elementor-widget-image\" data-id=\"31f133a\" data-element_type=\"widget\" data-e-type=\"widget\" data-widget_type=\"image.default\">\n\t\t\t\t<div class=\"elementor-widget-container\">\n\t\t\t\t\t\t\t\t\t\t\t\t\t\t\t\t<a href=\"\/\">\n\t\t\t\t\t\t\t<img fetchpriority=\"high\" decoding=\"async\" width=\"467\" height=\"250\" src=\"https:\/\/hotelmoskva.me\/wp-content\/uploads\/2024\/07\/logo_250h-1.png\" class=\"attachment-large size-large wp-image-13496\" alt=\"\" srcset=\"https:\/\/hotelmoskva.me\/wp-content\/uploads\/2024\/07\/logo_250h-1.png 467w, https:\/\/hotelmoskva.me\/wp-content\/uploads\/2024\/07\/logo_250h-1-300x161.png 300w\" sizes=\"(max-width: 467px) 100vw, 467px\" \/>\t\t\t\t\t\t\t\t<\/a>\n\t\t\t\t\t\t\t\t\t\t\t\t\t\t\t<\/div>\n\t\t\t\t<\/div>\n\t\t\t\t\t<\/div>\n\t\t<\/div>\n\t\t\t\t\t<\/div>\n\t\t<\/section>\n\t\t\t\t<section class=\"elementor-section elementor-top-section elementor-element elementor-element-9841855 elementor-section-content-middle elementor-section-stretched elementor-section-boxed elementor-section-height-default elementor-section-height-default elementor-invisible\" data-id=\"9841855\" data-element_type=\"section\" data-e-type=\"section\" data-settings=\"{&quot;stretch_section&quot;:&quot;section-stretched&quot;,&quot;animation&quot;:&quot;fadeIn&quot;}\">\n\t\t\t\t\t\t<div class=\"elementor-container elementor-column-gap-default\">\n\t\t\t\t\t<div class=\"elementor-column elementor-col-100 elementor-top-column elementor-element elementor-element-50e0a65\" data-id=\"50e0a65\" data-element_type=\"column\" data-e-type=\"column\">\n\t\t\t<div class=\"elementor-widget-wrap elementor-element-populated\">\n\t\t\t\t\t\t<div class=\"elementor-element elementor-element-f7f7c20 elementor-widget__width-auto elementor-widget elementor-widget-navigation\" data-id=\"f7f7c20\" data-element_type=\"widget\" data-e-type=\"widget\" data-widget_type=\"navigation.default\">\n\t\t\t\t<div class=\"elementor-widget-container\">\n\t\t\t\t\t\n\t\t<div class=\"nd_elements_section\">\n\t\t\t<div class=\"nd_elements_navigation_component\">\n\n\t\t\t\t<div class=\"menu-menu-1-container\"><ul id=\"menu-menu-1\" class=\"menu\"><li id=\"menu-item-11996\" class=\"menu-item menu-item-type-post_type menu-item-object-page menu-item-11996\"><a href=\"https:\/\/hotelmoskva.me\/pocetna\/\">Po\u010detna<\/a><\/li>\n<li id=\"menu-item-12721\" class=\"menu-item menu-item-type-post_type menu-item-object-page menu-item-12721\"><a href=\"https:\/\/hotelmoskva.me\/smjestaj\/\">Smje\u0161taj<\/a><\/li>\n<li id=\"menu-item-12722\" class=\"menu-item menu-item-type-post_type menu-item-object-page menu-item-12722\"><a href=\"https:\/\/hotelmoskva.me\/ostali-sadrzaj\/\">Ostali sadr\u017eaj<\/a><\/li>\n<li id=\"menu-item-11995\" class=\"menu-item menu-item-type-post_type menu-item-object-page menu-item-11995\"><a href=\"https:\/\/hotelmoskva.me\/o-nama\/\">O nama<\/a><\/li>\n<li id=\"menu-item-11950\" class=\"menu-item menu-item-type-post_type menu-item-object-page menu-item-11950\"><a href=\"https:\/\/hotelmoskva.me\/kontakt\/\">Kontakt<\/a><\/li>\n<li id=\"menu-item-12229\" class=\"menu-item menu-item-type-post_type menu-item-object-page menu-item-12229\"><a href=\"https:\/\/hotelmoskva.me\/piazza-bar-food\/\">Piazza bar &#038; food<\/a><\/li>\n<li id=\"menu-item-wpml-ls-30-sr\" class=\"menu-item wpml-ls-slot-30 wpml-ls-item wpml-ls-item-sr wpml-ls-menu-item wpml-ls-first-item menu-item-type-wpml_ls_menu_item menu-item-object-wpml_ls_menu_item menu-item-wpml-ls-30-sr\"><a href=\"https:\/\/hotelmoskva.me\/\" title=\"Switch to Serbian\"><img decoding=\"async\" class=\"wpml-ls-flag\" src=\"https:\/\/hotelmoskva.me\/wp-content\/uploads\/flags\/me.png\" alt=\"Serbian\" \/><\/a><\/li>\n<li id=\"menu-item-wpml-ls-30-en\" class=\"menu-item wpml-ls-slot-30 wpml-ls-item wpml-ls-item-en wpml-ls-current-language wpml-ls-menu-item wpml-ls-last-item menu-item-type-wpml_ls_menu_item menu-item-object-wpml_ls_menu_item menu-item-wpml-ls-30-en\"><a href=\"https:\/\/hotelmoskva.me\/en\/\" aria-current=\"page\"><img decoding=\"async\" class=\"wpml-ls-flag\" src=\"https:\/\/hotelmoskva.me\/wp-content\/plugins\/sitepress-multilingual-cms\/res\/flags\/en.svg\" alt=\"English\" \/><\/a><\/li>\n<\/ul><\/div>\n\t\t\t\t\n\t\t\t\t<img decoding=\"async\" alt=\"open-navigation\" width=\"25\" class=\"nd_elements_open_navigation_sidebar_content\" src=\"https:\/\/hotelmoskva.me\/wp-content\/uploads\/2025\/02\/Menu-Icon2.png\">\n\t\t\t\n\t\t\t<\/div>\n\t\t<\/div>\n\n\t\t<!--START menu responsive-->\n\t\t<div class=\"nd_elements_navigation_sidebar_content\">\n\n\t\t\t<img decoding=\"async\" alt=\"close-navigation\" width=\"25\" class=\"nd_elements_close_navigation_sidebar_content\" src=\"https:\/\/hotelmoskva.me\/wp-content\/plugins\/nd-elements\/widgets\/navigation\/img\/navigation-close.svg\">\n\n\t\t    <div class=\"nd_elements_navigation_sidebar\">\n\t\t        <div class=\"menu-menu-1-container\"><ul id=\"menu-menu-2\" class=\"menu\"><li class=\"menu-item menu-item-type-post_type menu-item-object-page menu-item-11996\"><a href=\"https:\/\/hotelmoskva.me\/pocetna\/\">Po\u010detna<\/a><\/li>\n<li class=\"menu-item menu-item-type-post_type menu-item-object-page menu-item-12721\"><a href=\"https:\/\/hotelmoskva.me\/smjestaj\/\">Smje\u0161taj<\/a><\/li>\n<li class=\"menu-item menu-item-type-post_type menu-item-object-page menu-item-12722\"><a href=\"https:\/\/hotelmoskva.me\/ostali-sadrzaj\/\">Ostali sadr\u017eaj<\/a><\/li>\n<li class=\"menu-item menu-item-type-post_type menu-item-object-page menu-item-11995\"><a href=\"https:\/\/hotelmoskva.me\/o-nama\/\">O nama<\/a><\/li>\n<li class=\"menu-item menu-item-type-post_type menu-item-object-page menu-item-11950\"><a href=\"https:\/\/hotelmoskva.me\/kontakt\/\">Kontakt<\/a><\/li>\n<li class=\"menu-item menu-item-type-post_type menu-item-object-page menu-item-12229\"><a href=\"https:\/\/hotelmoskva.me\/piazza-bar-food\/\">Piazza bar &#038; food<\/a><\/li>\n<li class=\"menu-item wpml-ls-slot-30 wpml-ls-item wpml-ls-item-sr wpml-ls-menu-item wpml-ls-first-item menu-item-type-wpml_ls_menu_item menu-item-object-wpml_ls_menu_item menu-item-wpml-ls-30-sr\"><a href=\"https:\/\/hotelmoskva.me\/\" title=\"Switch to Serbian\"><img decoding=\"async\" class=\"wpml-ls-flag\" src=\"https:\/\/hotelmoskva.me\/wp-content\/uploads\/flags\/me.png\" alt=\"Serbian\" \/><\/a><\/li>\n<li class=\"menu-item wpml-ls-slot-30 wpml-ls-item wpml-ls-item-en wpml-ls-current-language wpml-ls-menu-item wpml-ls-last-item menu-item-type-wpml_ls_menu_item menu-item-object-wpml_ls_menu_item menu-item-wpml-ls-30-en\"><a href=\"https:\/\/hotelmoskva.me\/en\/\" aria-current=\"page\"><img decoding=\"async\" class=\"wpml-ls-flag\" src=\"https:\/\/hotelmoskva.me\/wp-content\/plugins\/sitepress-multilingual-cms\/res\/flags\/en.svg\" alt=\"English\" \/><\/a><\/li>\n<\/ul><\/div>\n\t\t    <\/div>\n\n\t\t<\/div>\n\t\t<!--END menu responsive-->\n\t\t\t\t\t\t<\/div>\n\t\t\t\t<\/div>\n\t\t\t\t<div class=\"elementor-element elementor-element-5948b87 elementor-widget__width-auto elementor-hidden-desktop elementor-hidden-tablet elementor-hidden-mobile elementor-widget elementor-widget-button\" data-id=\"5948b87\" data-element_type=\"widget\" data-e-type=\"widget\" data-widget_type=\"button.default\">\n\t\t\t\t<div class=\"elementor-widget-container\">\n\t\t\t\t\t\t\t\t\t<div class=\"elementor-button-wrapper\">\n\t\t\t\t\t<a class=\"elementor-button elementor-button-link elementor-size-xs elementor-animation-shrink\" href=\"http:\/\/www.nicdarkthemes.com\/themes\/hotel-resort\/wp\/demo\/hotel\/nd-booking-pages\/nd-booking-search\/\">\n\t\t\t\t\t\t<span class=\"elementor-button-content-wrapper\">\n\t\t\t\t\t\t\t\t\t<span class=\"elementor-button-text\">BOOK NOW<\/span>\n\t\t\t\t\t<\/span>\n\t\t\t\t\t<\/a>\n\t\t\t\t<\/div>\n\t\t\t\t\t\t\t\t<\/div>\n\t\t\t\t<\/div>\n\t\t\t\t\t<\/div>\n\t\t<\/div>\n\t\t\t\t\t<\/div>\n\t\t<\/section>\n\t\t\t\t<\/div>\n\t\t","protected":false},"excerpt":{"rendered":"<p>Dru\u0161tvene mre\u017ee SMJE\u0160TAJ KONTAKT Po\u010detna Smje\u0161taj Ostali sadr\u017eaj O nama Kontakt Piazza bar &#038; food Po\u010detna Smje\u0161taj Ostali sadr\u017eaj O nama Kontakt Piazza bar &#038; food BOOK NOW<\/p>\n","protected":false},"author":1,"featured_media":0,"parent":0,"menu_order":0,"comment_status":"closed","ping_status":"closed","template":"","meta":{"footnotes":""},"class_list":["post-13661","page","type-page","status-publish","hentry"],"_links":{"self":[{"href":"https:\/\/hotelmoskva.me\/en\/wp-json\/wp\/v2\/pages\/13661","targetHints":{"allow":["GET"]}}],"collection":[{"href":"https:\/\/hotelmoskva.me\/en\/wp-json\/wp\/v2\/pages"}],"about":[{"href":"https:\/\/hotelmoskva.me\/en\/wp-json\/wp\/v2\/types\/page"}],"author":[{"embeddable":true,"href":"https:\/\/hotelmoskva.me\/en\/wp-json\/wp\/v2\/users\/1"}],"replies":[{"embeddable":true,"href":"https:\/\/hotelmoskva.me\/en\/wp-json\/wp\/v2\/comments?post=13661"}],"version-history":[{"count":2,"href":"https:\/\/hotelmoskva.me\/en\/wp-json\/wp\/v2\/pages\/13661\/revisions"}],"predecessor-version":[{"id":13663,"href":"https:\/\/hotelmoskva.me\/en\/wp-json\/wp\/v2\/pages\/13661\/revisions\/13663"}],"wp:attachment":[{"href":"https:\/\/hotelmoskva.me\/en\/wp-json\/wp\/v2\/media?parent=13661"}],"curies":[{"name":"wp","href":"https:\/\/api.w.org\/{rel}","templated":true}]}}